{"id":282,"date":"2021-02-02T16:17:08","date_gmt":"2021-02-02T16:17:08","guid":{"rendered":"https:\/\/leppla.consulting.webhost3.casc.at\/?page_id=282"},"modified":"2023-04-26T14:02:21","modified_gmt":"2023-04-26T12:02:21","slug":"impressum","status":"publish","type":"page","link":"https:\/\/leppla-coaching.at\/en\/impressum\/","title":{"rendered":"Imprint"},"content":{"rendered":"<div data-elementor-type=\"wp-page\" data-elementor-id=\"282\" class=\"elementor elementor-282\" data-elementor-post-type=\"page\">\n\t\t\t\t\t\t<section class=\"elementor-section elementor-top-section elementor-element elementor-element-ad6e422 elementor-section-boxed elementor-section-height-default elementor-section-height-default\" data-id=\"ad6e422\" data-element_type=\"section\" data-e-type=\"section\">\n\t\t\t\t\t\t<div class=\"elementor-container elementor-column-gap-default\">\n\t\t\t\t\t<div class=\"elementor-column elementor-col-100 elementor-top-column elementor-element elementor-element-a885068\" data-id=\"a885068\" data-element_type=\"column\" data-e-type=\"column\">\n\t\t\t<div class=\"elementor-widget-wrap elementor-element-populated\">\n\t\t\t\t\t\t<div class=\"elementor-element elementor-element-1585223 elementor-widget elementor-widget-text-editor\" data-id=\"1585223\" data-element_type=\"widget\" data-e-type=\"widget\" data-widget_type=\"text-editor.default\">\n\t\t\t\t<div class=\"elementor-widget-container\">\n\t\t\t\t\t\t\t\t\t<div class=\"x-el x-el-div c1-1 c1-2 c1-u c1-5f c1-v c1-6v c1-1z c1-6w c1-6x c1-6y c1-b c1-c c1-5l c1-5m c1-5n c1-5o c1-d c1-e c1-f c1-g\" data-ux=\"Grid\"><div class=\"x-el x-el-div c1-1 c1-2 c1-5f c1-5e c1-5z c1-15 c1-t c1-2y c1-6z c1-z c1-70 c1-b c1-c c1-5v c1-5w c1-5x c1-5y c1-d c1-e c1-f c1-g\" style=\"text-align: center;\" data-ux=\"GridCell\">\u00a0<\/div><\/div><div class=\"x-el x-el-div c1-1 c1-2 c1-u c1-5f c1-v c1-6v c1-1z c1-6w c1-6x c1-6y c1-b c1-c c1-5l c1-5m c1-5n c1-5o c1-d c1-e c1-f c1-g\" data-ux=\"Grid\"><div class=\"x-el x-el-div c1-1 c1-2 c1-5f c1-5e c1-5z c1-15 c1-t c1-2y c1-6z c1-z c1-70 c1-b c1-c c1-7b c1-7c c1-7d c1-5v c1-5w c1-5x c1-5y c1-d c1-7e c1-7f c1-7g c1-e c1-f c1-g\" style=\"text-align: center;\" data-ux=\"GridCell\"><div class=\"x-el x-el-div x-el c1-1 c1-2 c1-u c1-5d c1-4 c1-7h c1-w c1-19 c1-7i c1-7j c1-b c1-c c1-7k c1-7l c1-d c1-e c1-f c1-g c1-1 c1-2 c1-b c1-c c1-d c1-e c1-f c1-g\" data-ux=\"ContentBasic\"><h2>Leppla Consulting Coaching e.U.<\/h2><div data-ux=\"ContentText\" data-aid=\"SECTION_ADDRESS_REND\" data-typography=\"BodyAlpha\">\u00a0<\/div><div class=\"x-el c1-1 c1-2 c1-1i c1-1j c1-4a c1-1z c1-20 c1-7s c1-7t c1-7u c1-7v c1-7w c1-7x c1-7y c1-7z c1-80 c1-81 c1-82 c1-83 c1-84 c1-85 c1-86 c1-87 c1-88 c1-89 c1-8a c1-8b c1-8c c1-8d c1-8e c1-8f c1-8g c1-8h c1-8i c1-8j c1-5e c1-b c1-45 c1-c c1-3n c1-d c1-e c1-f c1-g x-rt\" data-ux=\"ContentText\" data-aid=\"SECTION_ADDRESS_REND\" data-typography=\"BodyAlpha\">Taborstra\u00dfe 106\/9<br \/>1020 Vienna<br \/>Austria<\/div><div data-ux=\"ContentText\" data-aid=\"SECTION_ADDRESS_REND\" data-typography=\"BodyAlpha\">\u00a0<\/div><div class=\"x-el c1-1 c1-2 c1-1i c1-1j c1-4a c1-1z c1-20 c1-7s c1-7t c1-7u c1-7v c1-7w c1-7x c1-7y c1-7z c1-80 c1-81 c1-82 c1-83 c1-84 c1-85 c1-86 c1-87 c1-88 c1-89 c1-8a c1-8b c1-8c c1-8d c1-8e c1-8f c1-8g c1-8h c1-8i c1-8j c1-5e c1-b c1-45 c1-c c1-3n c1-d c1-e c1-f c1-g x-rt\" data-ux=\"ContentText\" data-aid=\"SECTION_ADDRESS_REND\" data-typography=\"BodyAlpha\"><p style=\"text-align: center;\">++43 660 62 53 953<br \/><a class=\"x-el x-el-a c1-1f c1-1g c1-7r c1-1i c1-1j c1-1k c1-1l c1-75 c1-b c1-1q c1-1r c1-1s c1-1t\" href=\"mailto:support@leppla-consulting.com\" target=\"_blank\" rel=\"noopener\">support@leppla-consulting.com<\/a><\/p><p>Inhaberin: Kathrin Leppla M.A.<br \/>Gerichtsstand: Handelsgericht Wien<br \/>Firmenbuch: FN 439776f<br \/>UID ATU70115467<\/p><p>Inhaltlich Verantwortlicher gem\u00e4\u00df \u00a7 55 Abs. 2 RStV: Kathrin Leppla M.A.<\/p><p>Die Texte, Informationen und Links auf dieser Homepage sind nach bestem Wissen zusammengestellt, eine Gew\u00e4hr f\u00fcr die Aktualit\u00e4t und Richtigkeit kann jedoch nicht \u00fcbernommen werden. F\u00fcr die verlinkten Seiten \u00fcbernehmen wir ebenfalls keine Haftung.<\/p><p>\u00a0<\/p><\/div><\/div><\/div><\/div>\t\t\t\t\t\t\t\t<\/div>\n\t\t\t\t<\/div>\n\t\t\t\t<div class=\"elementor-element elementor-element-f3e8e99 elementor-widget elementor-widget-spacer\" data-id=\"f3e8e99\" data-element_type=\"widget\" data-e-type=\"widget\" data-widget_type=\"spacer.default\">\n\t\t\t\t<div class=\"elementor-widget-container\">\n\t\t\t\t\t\t\t<div class=\"elementor-spacer\">\n\t\t\t<div class=\"elementor-spacer-inner\"><\/div>\n\t\t<\/div>\n\t\t\t\t\t\t<\/div>\n\t\t\t\t<\/div>\n\t\t\t\t\t<\/div>\n\t\t<\/div>\n\t\t\t\t\t<\/div>\n\t\t<\/section>\n\t\t\t\t<\/div>","protected":false},"excerpt":{"rendered":"<p>\u00a0 Leppla Consulting Coaching e.U. \u00a0Taborstra\u00dfe 106\/91020 Wien\u00d6sterreich\u00a0 ++43 660 62 53 953support@leppla-consulting.com Inhaberin: Kathrin Leppla M.A.Gerichtsstand: Handelsgericht WienFirmenbuch: FN 439776fUID ATU70115467 Inhaltlich Verantwortlicher gem\u00e4\u00df \u00a7 55 Abs. 2 RStV: Kathrin Leppla M.A. Die Texte, Informationen und Links auf dieser Homepage sind nach bestem Wissen zusammengestellt, eine Gew\u00e4hr f\u00fcr die Aktualit\u00e4t und Richtigkeit kann jedoch [&hellip;]<\/p>\n","protected":false},"author":1,"featured_media":0,"parent":0,"menu_order":0,"comment_status":"closed","ping_status":"closed","template":"","meta":{"footnotes":""},"class_list":["post-282","page","type-page","status-publish","hentry"],"yoast_head":"<!-- This site is optimized with the Yoast SEO plugin v27.3 - https:\/\/yoast.com\/product\/yoast-seo-wordpress\/ -->\n<title>Impressum - Leppla Consulting Coaching e.U.<\/title>\n<meta name=\"robots\" content=\"index, follow, max-snippet:-1, max-image-preview:large, max-video-preview:-1\" \/>\n<link rel=\"canonical\" href=\"https:\/\/leppla-coaching.at\/en\/impressum\/\" \/>\n<meta property=\"og:locale\" content=\"en_US\" \/>\n<meta property=\"og:type\" content=\"article\" \/>\n<meta property=\"og:title\" content=\"Impressum - Leppla Consulting Coaching e.U.\" \/>\n<meta property=\"og:description\" content=\"\u00a0 Leppla Consulting Coaching e.U. \u00a0Taborstra\u00dfe 106\/91020 Wien\u00d6sterreich\u00a0 ++43 660 62 53 953support@leppla-consulting.com Inhaberin: Kathrin Leppla M.A.Gerichtsstand: Handelsgericht WienFirmenbuch: FN 439776fUID ATU70115467 Inhaltlich Verantwortlicher gem\u00e4\u00df \u00a7 55 Abs. 2 RStV: Kathrin Leppla M.A. Die Texte, Informationen und Links auf dieser Homepage sind nach bestem Wissen zusammengestellt, eine Gew\u00e4hr f\u00fcr die Aktualit\u00e4t und Richtigkeit kann jedoch [&hellip;]\" \/>\n<meta property=\"og:url\" content=\"https:\/\/leppla-coaching.at\/en\/impressum\/\" \/>\n<meta property=\"og:site_name\" content=\"Leppla Consulting Coaching e.U.\" \/>\n<meta property=\"article:publisher\" content=\"https:\/\/www.facebook.com\/leppla.consulting\" \/>\n<meta property=\"article:modified_time\" content=\"2023-04-26T12:02:21+00:00\" \/>\n<meta name=\"twitter:card\" content=\"summary_large_image\" \/>\n<meta name=\"twitter:site\" content=\"@kathrinleppla\" \/>\n<meta name=\"twitter:label1\" content=\"Est. reading time\" \/>\n\t<meta name=\"twitter:data1\" content=\"1 minute\" \/>\n<script type=\"application\/ld+json\" class=\"yoast-schema-graph\">{\"@context\":\"https:\\\/\\\/schema.org\",\"@graph\":[{\"@type\":\"WebPage\",\"@id\":\"https:\\\/\\\/leppla-coaching.at\\\/impressum\\\/\",\"url\":\"https:\\\/\\\/leppla-coaching.at\\\/impressum\\\/\",\"name\":\"Impressum - Leppla Consulting Coaching e.U.\",\"isPartOf\":{\"@id\":\"https:\\\/\\\/leppla-coaching.at\\\/#website\"},\"datePublished\":\"2021-02-02T16:17:08+00:00\",\"dateModified\":\"2023-04-26T12:02:21+00:00\",\"breadcrumb\":{\"@id\":\"https:\\\/\\\/leppla-coaching.at\\\/impressum\\\/#breadcrumb\"},\"inLanguage\":\"en-US\",\"potentialAction\":[{\"@type\":\"ReadAction\",\"target\":[\"https:\\\/\\\/leppla-coaching.at\\\/impressum\\\/\"]}]},{\"@type\":\"BreadcrumbList\",\"@id\":\"https:\\\/\\\/leppla-coaching.at\\\/impressum\\\/#breadcrumb\",\"itemListElement\":[{\"@type\":\"ListItem\",\"position\":1,\"name\":\"Home\",\"item\":\"https:\\\/\\\/leppla-coaching.at\\\/\"},{\"@type\":\"ListItem\",\"position\":2,\"name\":\"Impressum\"}]},{\"@type\":\"WebSite\",\"@id\":\"https:\\\/\\\/leppla-coaching.at\\\/#website\",\"url\":\"https:\\\/\\\/leppla-coaching.at\\\/\",\"name\":\"Leppla Consulting Coaching e.U.\",\"description\":\"\",\"publisher\":{\"@id\":\"https:\\\/\\\/leppla-coaching.at\\\/#organization\"},\"potentialAction\":[{\"@type\":\"SearchAction\",\"target\":{\"@type\":\"EntryPoint\",\"urlTemplate\":\"https:\\\/\\\/leppla-coaching.at\\\/?s={search_term_string}\"},\"query-input\":{\"@type\":\"PropertyValueSpecification\",\"valueRequired\":true,\"valueName\":\"search_term_string\"}}],\"inLanguage\":\"en-US\"},{\"@type\":\"Organization\",\"@id\":\"https:\\\/\\\/leppla-coaching.at\\\/#organization\",\"name\":\"Leppla Consulting\",\"url\":\"https:\\\/\\\/leppla-coaching.at\\\/\",\"logo\":{\"@type\":\"ImageObject\",\"inLanguage\":\"en-US\",\"@id\":\"https:\\\/\\\/leppla-coaching.at\\\/#\\\/schema\\\/logo\\\/image\\\/\",\"url\":\"https:\\\/\\\/leppla-coaching.at\\\/wp-content\\\/uploads\\\/2023\\\/09\\\/LeCo_Coaching_Logo-12.png\",\"contentUrl\":\"https:\\\/\\\/leppla-coaching.at\\\/wp-content\\\/uploads\\\/2023\\\/09\\\/LeCo_Coaching_Logo-12.png\",\"width\":6993,\"height\":2793,\"caption\":\"Leppla Consulting\"},\"image\":{\"@id\":\"https:\\\/\\\/leppla-coaching.at\\\/#\\\/schema\\\/logo\\\/image\\\/\"},\"sameAs\":[\"https:\\\/\\\/www.facebook.com\\\/leppla.consulting\",\"https:\\\/\\\/x.com\\\/kathrinleppla\",\"https:\\\/\\\/www.instagram.com\\\/werteagentur\\\/\"]}]}<\/script>\n<!-- \/ Yoast SEO plugin. -->","yoast_head_json":{"title":"Impressum - Leppla Consulting Coaching e.U.","robots":{"index":"index","follow":"follow","max-snippet":"max-snippet:-1","max-image-preview":"max-image-preview:large","max-video-preview":"max-video-preview:-1"},"canonical":"https:\/\/leppla-coaching.at\/en\/impressum\/","og_locale":"en_US","og_type":"article","og_title":"Impressum - Leppla Consulting Coaching e.U.","og_description":"\u00a0 Leppla Consulting Coaching e.U. \u00a0Taborstra\u00dfe 106\/91020 Wien\u00d6sterreich\u00a0 ++43 660 62 53 953support@leppla-consulting.com Inhaberin: Kathrin Leppla M.A.Gerichtsstand: Handelsgericht WienFirmenbuch: FN 439776fUID ATU70115467 Inhaltlich Verantwortlicher gem\u00e4\u00df \u00a7 55 Abs. 2 RStV: Kathrin Leppla M.A. Die Texte, Informationen und Links auf dieser Homepage sind nach bestem Wissen zusammengestellt, eine Gew\u00e4hr f\u00fcr die Aktualit\u00e4t und Richtigkeit kann jedoch [&hellip;]","og_url":"https:\/\/leppla-coaching.at\/en\/impressum\/","og_site_name":"Leppla Consulting Coaching e.U.","article_publisher":"https:\/\/www.facebook.com\/leppla.consulting","article_modified_time":"2023-04-26T12:02:21+00:00","twitter_card":"summary_large_image","twitter_site":"@kathrinleppla","twitter_misc":{"Est. reading time":"1 minute"},"schema":{"@context":"https:\/\/schema.org","@graph":[{"@type":"WebPage","@id":"https:\/\/leppla-coaching.at\/impressum\/","url":"https:\/\/leppla-coaching.at\/impressum\/","name":"Impressum - Leppla Consulting Coaching e.U.","isPartOf":{"@id":"https:\/\/leppla-coaching.at\/#website"},"datePublished":"2021-02-02T16:17:08+00:00","dateModified":"2023-04-26T12:02:21+00:00","breadcrumb":{"@id":"https:\/\/leppla-coaching.at\/impressum\/#breadcrumb"},"inLanguage":"en-US","potentialAction":[{"@type":"ReadAction","target":["https:\/\/leppla-coaching.at\/impressum\/"]}]},{"@type":"BreadcrumbList","@id":"https:\/\/leppla-coaching.at\/impressum\/#breadcrumb","itemListElement":[{"@type":"ListItem","position":1,"name":"Home","item":"https:\/\/leppla-coaching.at\/"},{"@type":"ListItem","position":2,"name":"Impressum"}]},{"@type":"WebSite","@id":"https:\/\/leppla-coaching.at\/#website","url":"https:\/\/leppla-coaching.at\/","name":"Leppla Consulting Coaching e.U.","description":"","publisher":{"@id":"https:\/\/leppla-coaching.at\/#organization"},"potentialAction":[{"@type":"SearchAction","target":{"@type":"EntryPoint","urlTemplate":"https:\/\/leppla-coaching.at\/?s={search_term_string}"},"query-input":{"@type":"PropertyValueSpecification","valueRequired":true,"valueName":"search_term_string"}}],"inLanguage":"en-US"},{"@type":"Organization","@id":"https:\/\/leppla-coaching.at\/#organization","name":"Leppla Consulting","url":"https:\/\/leppla-coaching.at\/","logo":{"@type":"ImageObject","inLanguage":"en-US","@id":"https:\/\/leppla-coaching.at\/#\/schema\/logo\/image\/","url":"https:\/\/leppla-coaching.at\/wp-content\/uploads\/2023\/09\/LeCo_Coaching_Logo-12.png","contentUrl":"https:\/\/leppla-coaching.at\/wp-content\/uploads\/2023\/09\/LeCo_Coaching_Logo-12.png","width":6993,"height":2793,"caption":"Leppla Consulting"},"image":{"@id":"https:\/\/leppla-coaching.at\/#\/schema\/logo\/image\/"},"sameAs":["https:\/\/www.facebook.com\/leppla.consulting","https:\/\/x.com\/kathrinleppla","https:\/\/www.instagram.com\/werteagentur\/"]}]}},"_links":{"self":[{"href":"https:\/\/leppla-coaching.at\/en\/wp-json\/wp\/v2\/pages\/282","targetHints":{"allow":["GET"]}}],"collection":[{"href":"https:\/\/leppla-coaching.at\/en\/wp-json\/wp\/v2\/pages"}],"about":[{"href":"https:\/\/leppla-coaching.at\/en\/wp-json\/wp\/v2\/types\/page"}],"author":[{"embeddable":true,"href":"https:\/\/leppla-coaching.at\/en\/wp-json\/wp\/v2\/users\/1"}],"replies":[{"embeddable":true,"href":"https:\/\/leppla-coaching.at\/en\/wp-json\/wp\/v2\/comments?post=282"}],"version-history":[{"count":31,"href":"https:\/\/leppla-coaching.at\/en\/wp-json\/wp\/v2\/pages\/282\/revisions"}],"predecessor-version":[{"id":7272,"href":"https:\/\/leppla-coaching.at\/en\/wp-json\/wp\/v2\/pages\/282\/revisions\/7272"}],"wp:attachment":[{"href":"https:\/\/leppla-coaching.at\/en\/wp-json\/wp\/v2\/media?parent=282"}],"curies":[{"name":"wp","href":"https:\/\/api.w.org\/{rel}","templated":true}]}}