{"id":286,"date":"2021-02-02T16:17:42","date_gmt":"2021-02-02T16:17:42","guid":{"rendered":"https:\/\/leppla.consulting.webhost3.casc.at\/?page_id=286"},"modified":"2022-07-12T15:34:06","modified_gmt":"2022-07-12T13:34:06","slug":"datenschutzerklarung","status":"publish","type":"page","link":"https:\/\/leppla-coaching.at\/en\/datenschutzerklarung\/","title":{"rendered":"Privacy Policy"},"content":{"rendered":"<p><\/p>\n\n\n<\/p>\n<h1><strong>Informationen zur Verarbeitung Ihrer personenbezogenen Daten<\/strong><\/h1>\n<ol>\n<li><strong>Allgemeines<\/strong><\/li>\n<\/ol>\n<p>Wir freuen uns \u00fcber Ihren Besuch auf unserer Webseite. Der Schutz Ihrer personenbezogenen Daten ist uns ein wichtiges Anliegen. Wir halten uns strikt an die gesetzlichen Bestimmungen der EU-Datenschutz-Grundverordnung, des \u00f6sterreichischen Datenschutzgesetzes und der sonstigen anwendbaren Rechtsvorschriften zum Schutz, dem rechtm\u00e4\u00dfigen Umgang und zur Geheimhaltung von personenbezogenen Daten. Im Folgenden m\u00f6chten wir Sie \u00fcber die Verarbeitung Ihrer Daten im Zusammenhang mit dem Besuch und der Nutzung der Webseite informieren.<\/p>\n<p>Wir behalten uns k\u00fcnftige \u00c4nderungen oder Anpassungen der Erkl\u00e4rung ausdr\u00fccklich vor. Bei Fragen oder Anregungen kontaktieren Sie uns bitte unter den angegebenen Kontaktdaten. Stand der Datenschutzerkl\u00e4rung: 02\/2021<\/p>\n<ol start=\"2\">\n<li><strong>Verantwortlicher im Sinne der DSGVO\/Kontaktdaten<\/strong><\/li>\n<\/ol>\n<p>Leppla Consulting Coaching e.U.<\/p>\n<p>Taborstra\u00dfe 106\/9<\/p>\n<p>1020 Vienna<\/p>\n<p>Tel.: +43 699 713 84984<\/p>\n<p>E-Mail: willkommen@leppla-consulting.com<\/p>\n<p>Ein Datenschutzbeauftragter gem. Art. 37 DSGVO wurde nicht bestellt.<\/p>\n<ol start=\"3\">\n<li><strong>Zwecke der Datenverarbeitung und Rechtsgrundlagen<\/strong><\/li>\n<\/ol>\n<p><u>Webseitenbesuch allgemein:<\/u> Bei Ihrem Besuch auf unserer Webseite erheben und speichern wir Zugriffsdaten. Diese sind insb. Ihre IP-Adresse, Datum und Uhrzeit des Abrufs, Name der aufgerufenen Seite, Referrer-URL (Herkunfts-URL, von der aus Sie auf unsere Webseite gekommen sind), die \u00fcbertragene Datenmenge, Ladezeit, sowie Produkt und Versions-Informationen des jeweils verwendeten Browsers sowie der Name ihres Access-Providers. Diese Daten bzw. Informationen werden in Protokolldateien, sogenannten Logfiles bzw. Access-Logs hinterlegt. Dies dient dazu, die dauerhafte Funktionsf\u00e4higkeit der Webseite und eine komfortable Nutzung sicherzustellen.<\/p>\n<p>Rechtsgrundlage der Datenverarbeitung ist unser berechtigtes Interesse nach Art. 6 Abs. 1 lit. f DSGVO (Gew\u00e4hrleistung der Funktionsf\u00e4higkeit, der Sicherheit und Erreichbarkeit der Webseite f\u00fcr alle Seitenbesucher). Ein unmittelbarer R\u00fcckschluss auf Ihre Identit\u00e4t ist anhand der Informationen nicht m\u00f6glich und wird von uns auch nicht durchgef\u00fchrt.<\/p>\n<p><u>Member-Seiten:<\/u> Unsere KundInnen k\u00f6nnen \u00fcber unsere Webseite auf spezielle kostenfreie und kostenpflichtige Inhalte (je nach vertraglicher Vereinbarung) zugreifen. Diese Inhalte werden auf einem separaten, mit nutzerbezogenem Login abgesicherten Bereich der Webpage zug\u00e4nglich gemacht.<\/p>\n<p>F\u00fcr die Nutzung muss \u2013 direkt \u00fcber die Webpage \u2013 ein Paket ausgew\u00e4hlt\/gebucht und ein Nutzer-Account f\u00fcr die Member-Seiten angelegt werden. Hierzu geben Sie bitte \u00fcber das Anmeldeformular Ihren Vor- und Nachnamen, Ihre E-Mail-Adresse, Ihre Anschrift, sowie gegebenenfalls Bezahlinformationen bekannt, und legen einen Usernamen und ein Passwort fest. Die Freischaltung des Accounts erfolgt nach Pr\u00fcfung durch uns.<\/p>\n<p>Wir verarbeiten die bekannt gegebenen personenbezogenen Daten auf Grundlage Art. 6 Abs. 1 lit. b DSGVO (Vertragsabwicklung, Erf\u00fcllung vertraglicher Verpflichtungen, Bereitstellung der gebuchten Inhalte, Verrechnung), sowie auf Grundlage berechtigtes Interesse Art. 6 Abs. 1 lit. f DSGVO (Werbung und Marketing &#8211; Informationen \u00fcber Neuigkeiten auf der Webpage und weitere Inhalte, Anbieten von Leistungen, etc.). Soweit wir die Datenverarbeitung auf die Rechtsgrundlage berechtigtes Interesse st\u00fctzen, haben Sie das Recht auf Widerspruch nach Art. 21 DSGVO.<\/p>\n<p>Bitte w\u00e4hlen Sie ein sicheres Passwort f\u00fcr Ihren Account aus \u2013 wir empfehlen eine Passwortl\u00e4nge von zumindest 10 Stellen (Gro\u00df- und Kleinschreibung, Buchstaben, Zahlen und Sonderzeichen).<\/p>\n<ol start=\"4\">\n<li><strong>Datenweitergabe und Empf\u00e4nger<\/strong><\/li>\n<\/ol>\n<p><u>Allgemein:<\/u> Wir geben Ihre auf Basis der Nutzung unserer Webseite erhobenen Daten im Regelfall nur insoweit weiter, als dies zur Erf\u00fcllung der dargelegten Zwecke unbedingt erforderlich ist (Betrieb und Wartung der Webseite \u00fcber externe Dienstleister, Datenweitergabe an E-Mail-Provider in Abwicklung der Kommunikation. Wir k\u00f6nnen dar\u00fcber hinaus jedoch auch gesetzlich bzw. beh\u00f6rdlich verpflichtet sein, Daten an Dritte weiterzugeben (z.B. Datenweitergabe an Strafverfolgungsbeh\u00f6rden).<\/p>\n<ol start=\"5\">\n<li><strong>Speicherdauer der Daten<\/strong><\/li>\n<\/ol>\n<p>Ihre Daten werden nur so lange gespeichert, als dies technisch und organisatorisch erforderlich ist. Wir achten darauf, die Speicher- bzw. Vorhaltedauer m\u00f6glichst kurz zu halten.<\/p>\n<ol start=\"6\">\n<li><strong>Betroffenenrechte \/ Ihre Rechte zum Schutz Ihrer pers\u00f6nlichen Daten<\/strong><\/li>\n<\/ol>\n<p>In Bezug auf Ihre von uns verarbeiteten, personenbezogenen Daten steht Ihnen eine Reihe von Rechten zu. Alle diese Rechte k\u00f6nnen Sie kosten- und formlos (per E-Mail, telefonisch oder postalisch), gegebenenfalls nach Nachweis Ihrer Identit\u00e4t, unter der unten angegebenen Adresse geltend machen. Ihre Rechte im Einzelnen:<\/p>\n<p><u>Recht auf Auskunft:<\/u> Sie k\u00f6nnen jederzeit formlos Auskunft \u00fcber die von uns verarbeiteten Daten verlangen. In diesem Fall teilen wir Ihnen schriftlich mit, welche Daten wir \u00fcber Sie gespeichert haben, f\u00fcr welche Zwecke wir diese verwenden, an welche Kategorien von Empf\u00e4ngern wir diese weitergeben und wie lange wir beabsichtigen, diese noch zu speichern. Wir werden Ihrem Auskunftsansuchen unverz\u00fcglich, l\u00e4ngstens jedoch innerhalb eines Monats nachkommen.<\/p>\n<p><u>Recht auf L\u00f6schung:<\/u> Sie haben das Recht, jederzeit formlos die L\u00f6schung Ihrer von uns verarbeiteten Daten zu begehren. Diesem Ansuchen kommen wir nach, sofern Ihre Daten f\u00fcr den Erhebungszweck nicht mehr notwendig sind, Sie eine allenfalls bestehende Einwilligung widerrufen, bei unrechtm\u00e4\u00dfigen Datenverarbeitungen oder wenn die L\u00f6schung zur Erf\u00fcllung einer rechtlichen Verpflichtung erforderlich ist.<\/p>\n<p><u>Recht auf Berichtigung:<\/u> Sollten wir irrt\u00fcmlich unrichtige oder unvollst\u00e4ndige Daten \u00fcber Sie verarbeiten, so berichtigen wir diese selbstverst\u00e4ndlich. Dazu reicht ein an uns gerichteter, formloser Antrag aus.<\/p>\n<p><u>Recht auf Einschr\u00e4nkung der Verarbeitung:<\/u> Wenn zwar die L\u00f6schung Ihrer Daten nicht m\u00f6glich ist bzw. dies von Ihnen nicht gew\u00fcnscht wird, Sie aber einer \u00fcber die Speicherung der Daten hinausgehenden Nutzung nicht zustimmen, haben wir die Pflicht, auf Ihren Antrag hin die weitere Verarbeitung Ihrer personenbezogenen Daten einzuschr\u00e4nken.<\/p>\n<p><u>Recht auf Daten\u00fcbertragbarkeit:<\/u> Wir stellen Ihnen die von uns \u00fcber Sie gespeicherten Daten, die wir aufgrund eines Vertrages oder aufgrund Ihrer Einwilligung erhalten haben, auf Ihren formlosen Antrag hin kostenlos in einem gebr\u00e4uchlichen Dateiformat zur Verf\u00fcgung. Sie k\u00f6nnen diese Daten f\u00fcr eigene Zwecke verwenden und sie an zuk\u00fcnftige Vertragspartner weitergeben. Wir \u00fcbernehmen \u2013 sofern Sie dies w\u00fcnschen und es technisch machbar ist \u2013 auch direkt die \u00dcbertragung Ihrer Daten an einen von Ihnen namhaft gemachten Adressaten. In diesem Fall informieren wir Sie nach erfolgter \u00dcbertragung. Ihrem Antrag kommen wir unverz\u00fcglich, sp\u00e4testens jedoch innerhalb eines Monats nach.<\/p>\n<p><u>Recht auf Widerruf erteilter Einwilligungen:<\/u> Erteilte Einwilligungen in Datenverarbeitungen k\u00f6nnen Sie jederzeit mit Wirkung f\u00fcr die Zukunft widerrufen, diesfalls wir die Datenverarbeitung einstellen. Die Rechtm\u00e4\u00dfigkeit der bis zu diesem Zeitpunkt get\u00e4tigten Datenverarbeitungen wird durch einen Widerruf der Einwilligung nicht ber\u00fchrt.<\/p>\n<p><u>Recht auf Widerspruch:<\/u> Wenn wir Ihre Daten aufgrund unseres berechtigten Interesses verarbeiten, haben Sie nach der Datenschutz-Grundverordnung das Recht auf Widerspruch zur weiteren Verarbeitung Ihrer Daten. \u00dcben Sie dieses aus, werden wir Ihre Daten nicht mehr zu dem Zweck, dem Sie widersprochen haben, verarbeiten \u2013 es sei denn es bestehen schutzw\u00fcrdige Gr\u00fcnde auf unserer Seite f\u00fcr die weitere Verarbeitung, die Ihre Interessen, Rechte und Freiheiten \u00fcberwiegen, oder die Verarbeitung dient der Geltendmachung, Aus\u00fcbung oder Verteidigung von Rechtsanspr\u00fcchen.<\/p>\n<ol start=\"7\">\n<li><strong>Beschwerderecht<\/strong><\/li>\n<\/ol>\n<p>Die EU-Datenschutz-Grundverordnung und das \u00f6sterreichische Datenschutzgesetz gew\u00e4hrleisten Ihnen die oben genannten Rechte im Bereich Datenschutz. Wenn Sie der Ansicht sind, in einem dieser Rechte durch uns verletzt worden zu sein, haben Sie die M\u00f6glichkeit, sich bei einer Datenschutz-Aufsichtsbeh\u00f6rde zu beschweren. In \u00d6sterreich ist daf\u00fcr die \u00d6sterreichische Datenschutzbeh\u00f6rde, Barichgasse 40-42, 1030 Wien, zust\u00e4ndig. Anspr\u00fcche gegen uns, die Ihnen aufgrund anderer gesetzlicher Grundlagen zustehen, bleiben davon unber\u00fchrt.<\/p>\n<ol start=\"8\">\n<li><strong>Datensicherheit<\/strong><\/li>\n<\/ol>\n<p>Wir treffen alle notwendigen und angemessenen technischen und organisatorischen Sicherheitsma\u00dfnahmen, um Ihre personenbezogenen Daten vor Verlust und Missbrauch zu sch\u00fctzen. Ihre Daten werden in einer sicheren, dem Stand der Technik entsprechenden Betriebsumgebung gespeichert.<\/p>\n<p>Der Zugang zu unserer Website wird \u00fcber HTTPS gesichert. Dies bedeutet, dass die Kommunikation zwischen Ihrem Endger\u00e4t und unseren Servern verschl\u00fcsselt erfolgt.<\/p>\n<ol start=\"9\">\n<li><strong>Sonstiges<\/strong><\/li>\n<\/ol>\n<p>Auf unserer Webseite finden Sie Verlinkungen zu Webseiten, f\u00fcr die andere Organisationen\/Einrichtungen\/Unternehmen verantwortlich sind. Inwiefern Diese personenbezogene Daten erheben bzw. verarbeiten, entnehmen Sie bitte den entsprechenden Datenschutzinformationen. Eine Weiterleitung erkennen Sie daran, dass sich ein neues Browserfenster\/ein neuer Tab \u00f6ffnet und eine neue Adresse\/eine neue URL angezeigt wird.<\/p>\n<p>Auf unserer Webseite sind Piktogramme\/Symbole zu Facebook, Instagram und Twitter vorhanden. Mit Klick auf das Piktogramm\/das Symbol gelangen Sie zu unserem Facebook-, Instagram-, bzw. Twitter-Auftritt. Es handelt sich um eine blo\u00dfe Weiterleitung\/eine blo\u00dfe Verlinkung und nicht um \u201eSocial Media Plugins\u201c. Es werden keine personenbezogenen Daten an Facebook\/Instagram \u00fcbermittelt.<\/p>\n<p>\u00a0<\/p>\n<p>\n\n\n<p><\/p>","protected":false},"excerpt":{"rendered":"<p>Informationen zur Verarbeitung Ihrer personenbezogenen Daten Allgemeines Wir freuen uns \u00fcber Ihren Besuch auf unserer Webseite. Der Schutz Ihrer personenbezogenen Daten ist uns ein wichtiges Anliegen. Wir halten uns strikt an die gesetzlichen Bestimmungen der EU-Datenschutz-Grundverordnung, des \u00f6sterreichischen Datenschutzgesetzes und der sonstigen anwendbaren Rechtsvorschriften zum Schutz, dem rechtm\u00e4\u00dfigen Umgang und zur Geheimhaltung von personenbezogenen Daten. [&hellip;]<\/p>\n","protected":false},"author":1,"featured_media":0,"parent":0,"menu_order":0,"comment_status":"closed","ping_status":"closed","template":"","meta":{"footnotes":""},"class_list":["post-286","page","type-page","status-publish","hentry"],"yoast_head":"<!-- This site is optimized with the Yoast SEO plugin v27.3 - https:\/\/yoast.com\/product\/yoast-seo-wordpress\/ -->\n<title>Datenschutzerkl\u00e4rung - Leppla Consulting Coaching e.U.<\/title>\n<meta name=\"description\" content=\"Datenschutzerkl\u00e4rung aufgelistet. 1. Allgemeines, 2. Verantwortlicher im Sinne DSGVO 7 Kontaktdaten, 3. Zwecke der Datenverarbeitung..\" \/>\n<meta name=\"robots\" content=\"index, follow, max-snippet:-1, max-image-preview:large, max-video-preview:-1\" \/>\n<link rel=\"canonical\" href=\"https:\/\/leppla-coaching.at\/en\/datenschutzerklarung\/\" \/>\n<meta property=\"og:locale\" content=\"en_US\" \/>\n<meta property=\"og:type\" content=\"article\" \/>\n<meta property=\"og:title\" content=\"Datenschutzerkl\u00e4rung - Leppla Consulting Coaching e.U.\" \/>\n<meta property=\"og:description\" content=\"Datenschutzerkl\u00e4rung aufgelistet. 1. Allgemeines, 2. Verantwortlicher im Sinne DSGVO 7 Kontaktdaten, 3. Zwecke der Datenverarbeitung..\" \/>\n<meta property=\"og:url\" content=\"https:\/\/leppla-coaching.at\/en\/datenschutzerklarung\/\" \/>\n<meta property=\"og:site_name\" content=\"Leppla Consulting Coaching e.U.\" \/>\n<meta property=\"article:publisher\" content=\"https:\/\/www.facebook.com\/leppla.consulting\" \/>\n<meta property=\"article:modified_time\" content=\"2022-07-12T13:34:06+00:00\" \/>\n<meta name=\"twitter:card\" content=\"summary_large_image\" \/>\n<meta name=\"twitter:site\" content=\"@kathrinleppla\" \/>\n<meta name=\"twitter:label1\" content=\"Est. reading time\" \/>\n\t<meta name=\"twitter:data1\" content=\"7 minutes\" \/>\n<script type=\"application\/ld+json\" class=\"yoast-schema-graph\">{\"@context\":\"https:\\\/\\\/schema.org\",\"@graph\":[{\"@type\":\"WebPage\",\"@id\":\"https:\\\/\\\/leppla-coaching.at\\\/datenschutzerklarung\\\/\",\"url\":\"https:\\\/\\\/leppla-coaching.at\\\/datenschutzerklarung\\\/\",\"name\":\"Datenschutzerkl\u00e4rung - Leppla Consulting Coaching e.U.\",\"isPartOf\":{\"@id\":\"https:\\\/\\\/leppla-coaching.at\\\/#website\"},\"datePublished\":\"2021-02-02T16:17:42+00:00\",\"dateModified\":\"2022-07-12T13:34:06+00:00\",\"description\":\"Datenschutzerkl\u00e4rung aufgelistet. 1. Allgemeines, 2. Verantwortlicher im Sinne DSGVO 7 Kontaktdaten, 3. Zwecke der Datenverarbeitung..\",\"breadcrumb\":{\"@id\":\"https:\\\/\\\/leppla-coaching.at\\\/datenschutzerklarung\\\/#breadcrumb\"},\"inLanguage\":\"en-US\",\"potentialAction\":[{\"@type\":\"ReadAction\",\"target\":[\"https:\\\/\\\/leppla-coaching.at\\\/datenschutzerklarung\\\/\"]}]},{\"@type\":\"BreadcrumbList\",\"@id\":\"https:\\\/\\\/leppla-coaching.at\\\/datenschutzerklarung\\\/#breadcrumb\",\"itemListElement\":[{\"@type\":\"ListItem\",\"position\":1,\"name\":\"Home\",\"item\":\"https:\\\/\\\/leppla-coaching.at\\\/\"},{\"@type\":\"ListItem\",\"position\":2,\"name\":\"Datenschutzerkl\u00e4rung\"}]},{\"@type\":\"WebSite\",\"@id\":\"https:\\\/\\\/leppla-coaching.at\\\/#website\",\"url\":\"https:\\\/\\\/leppla-coaching.at\\\/\",\"name\":\"Leppla Consulting Coaching e.U.\",\"description\":\"\",\"publisher\":{\"@id\":\"https:\\\/\\\/leppla-coaching.at\\\/#organization\"},\"potentialAction\":[{\"@type\":\"SearchAction\",\"target\":{\"@type\":\"EntryPoint\",\"urlTemplate\":\"https:\\\/\\\/leppla-coaching.at\\\/?s={search_term_string}\"},\"query-input\":{\"@type\":\"PropertyValueSpecification\",\"valueRequired\":true,\"valueName\":\"search_term_string\"}}],\"inLanguage\":\"en-US\"},{\"@type\":\"Organization\",\"@id\":\"https:\\\/\\\/leppla-coaching.at\\\/#organization\",\"name\":\"Leppla Consulting\",\"url\":\"https:\\\/\\\/leppla-coaching.at\\\/\",\"logo\":{\"@type\":\"ImageObject\",\"inLanguage\":\"en-US\",\"@id\":\"https:\\\/\\\/leppla-coaching.at\\\/#\\\/schema\\\/logo\\\/image\\\/\",\"url\":\"https:\\\/\\\/leppla-coaching.at\\\/wp-content\\\/uploads\\\/2023\\\/09\\\/LeCo_Coaching_Logo-12.png\",\"contentUrl\":\"https:\\\/\\\/leppla-coaching.at\\\/wp-content\\\/uploads\\\/2023\\\/09\\\/LeCo_Coaching_Logo-12.png\",\"width\":6993,\"height\":2793,\"caption\":\"Leppla Consulting\"},\"image\":{\"@id\":\"https:\\\/\\\/leppla-coaching.at\\\/#\\\/schema\\\/logo\\\/image\\\/\"},\"sameAs\":[\"https:\\\/\\\/www.facebook.com\\\/leppla.consulting\",\"https:\\\/\\\/x.com\\\/kathrinleppla\",\"https:\\\/\\\/www.instagram.com\\\/werteagentur\\\/\"]}]}<\/script>\n<!-- \/ Yoast SEO plugin. -->","yoast_head_json":{"title":"Datenschutzerkl\u00e4rung - Leppla Consulting Coaching e.U.","description":"Datenschutzerkl\u00e4rung aufgelistet. 1. Allgemeines, 2. Verantwortlicher im Sinne DSGVO 7 Kontaktdaten, 3. Zwecke der Datenverarbeitung..","robots":{"index":"index","follow":"follow","max-snippet":"max-snippet:-1","max-image-preview":"max-image-preview:large","max-video-preview":"max-video-preview:-1"},"canonical":"https:\/\/leppla-coaching.at\/en\/datenschutzerklarung\/","og_locale":"en_US","og_type":"article","og_title":"Datenschutzerkl\u00e4rung - Leppla Consulting Coaching e.U.","og_description":"Datenschutzerkl\u00e4rung aufgelistet. 1. Allgemeines, 2. Verantwortlicher im Sinne DSGVO 7 Kontaktdaten, 3. Zwecke der Datenverarbeitung..","og_url":"https:\/\/leppla-coaching.at\/en\/datenschutzerklarung\/","og_site_name":"Leppla Consulting Coaching e.U.","article_publisher":"https:\/\/www.facebook.com\/leppla.consulting","article_modified_time":"2022-07-12T13:34:06+00:00","twitter_card":"summary_large_image","twitter_site":"@kathrinleppla","twitter_misc":{"Est. reading time":"7 minutes"},"schema":{"@context":"https:\/\/schema.org","@graph":[{"@type":"WebPage","@id":"https:\/\/leppla-coaching.at\/datenschutzerklarung\/","url":"https:\/\/leppla-coaching.at\/datenschutzerklarung\/","name":"Datenschutzerkl\u00e4rung - Leppla Consulting Coaching e.U.","isPartOf":{"@id":"https:\/\/leppla-coaching.at\/#website"},"datePublished":"2021-02-02T16:17:42+00:00","dateModified":"2022-07-12T13:34:06+00:00","description":"Datenschutzerkl\u00e4rung aufgelistet. 1. Allgemeines, 2. Verantwortlicher im Sinne DSGVO 7 Kontaktdaten, 3. Zwecke der Datenverarbeitung..","breadcrumb":{"@id":"https:\/\/leppla-coaching.at\/datenschutzerklarung\/#breadcrumb"},"inLanguage":"en-US","potentialAction":[{"@type":"ReadAction","target":["https:\/\/leppla-coaching.at\/datenschutzerklarung\/"]}]},{"@type":"BreadcrumbList","@id":"https:\/\/leppla-coaching.at\/datenschutzerklarung\/#breadcrumb","itemListElement":[{"@type":"ListItem","position":1,"name":"Home","item":"https:\/\/leppla-coaching.at\/"},{"@type":"ListItem","position":2,"name":"Datenschutzerkl\u00e4rung"}]},{"@type":"WebSite","@id":"https:\/\/leppla-coaching.at\/#website","url":"https:\/\/leppla-coaching.at\/","name":"Leppla Consulting Coaching e.U.","description":"","publisher":{"@id":"https:\/\/leppla-coaching.at\/#organization"},"potentialAction":[{"@type":"SearchAction","target":{"@type":"EntryPoint","urlTemplate":"https:\/\/leppla-coaching.at\/?s={search_term_string}"},"query-input":{"@type":"PropertyValueSpecification","valueRequired":true,"valueName":"search_term_string"}}],"inLanguage":"en-US"},{"@type":"Organization","@id":"https:\/\/leppla-coaching.at\/#organization","name":"Leppla Consulting","url":"https:\/\/leppla-coaching.at\/","logo":{"@type":"ImageObject","inLanguage":"en-US","@id":"https:\/\/leppla-coaching.at\/#\/schema\/logo\/image\/","url":"https:\/\/leppla-coaching.at\/wp-content\/uploads\/2023\/09\/LeCo_Coaching_Logo-12.png","contentUrl":"https:\/\/leppla-coaching.at\/wp-content\/uploads\/2023\/09\/LeCo_Coaching_Logo-12.png","width":6993,"height":2793,"caption":"Leppla Consulting"},"image":{"@id":"https:\/\/leppla-coaching.at\/#\/schema\/logo\/image\/"},"sameAs":["https:\/\/www.facebook.com\/leppla.consulting","https:\/\/x.com\/kathrinleppla","https:\/\/www.instagram.com\/werteagentur\/"]}]}},"_links":{"self":[{"href":"https:\/\/leppla-coaching.at\/en\/wp-json\/wp\/v2\/pages\/286","targetHints":{"allow":["GET"]}}],"collection":[{"href":"https:\/\/leppla-coaching.at\/en\/wp-json\/wp\/v2\/pages"}],"about":[{"href":"https:\/\/leppla-coaching.at\/en\/wp-json\/wp\/v2\/types\/page"}],"author":[{"embeddable":true,"href":"https:\/\/leppla-coaching.at\/en\/wp-json\/wp\/v2\/users\/1"}],"replies":[{"embeddable":true,"href":"https:\/\/leppla-coaching.at\/en\/wp-json\/wp\/v2\/comments?post=286"}],"version-history":[{"count":18,"href":"https:\/\/leppla-coaching.at\/en\/wp-json\/wp\/v2\/pages\/286\/revisions"}],"predecessor-version":[{"id":3775,"href":"https:\/\/leppla-coaching.at\/en\/wp-json\/wp\/v2\/pages\/286\/revisions\/3775"}],"wp:attachment":[{"href":"https:\/\/leppla-coaching.at\/en\/wp-json\/wp\/v2\/media?parent=286"}],"curies":[{"name":"wp","href":"https:\/\/api.w.org\/{rel}","templated":true}]}}