{"id":53,"date":"2021-02-01T11:06:25","date_gmt":"2021-02-01T10:06:25","guid":{"rendered":"https:\/\/leppla.consulting.webhost3.casc.at\/?page_id=53"},"modified":"2025-03-12T18:10:16","modified_gmt":"2025-03-12T17:10:16","slug":"ueber-kathrin","status":"publish","type":"page","link":"https:\/\/leppla-coaching.at\/en\/ueber-kathrin\/","title":{"rendered":"About Kathrin"},"content":{"rendered":"<div data-elementor-type=\"wp-page\" data-elementor-id=\"53\" class=\"elementor elementor-53\" data-elementor-post-type=\"page\">\n\t\t\t\t\t\t<section class=\"elementor-section elementor-top-section elementor-element elementor-element-4c79cf39 elementor-section-boxed elementor-section-height-default elementor-section-height-default\" data-id=\"4c79cf39\" data-element_type=\"section\" data-e-type=\"section\">\n\t\t\t\t\t\t<div class=\"elementor-container elementor-column-gap-default\">\n\t\t\t\t\t<div class=\"elementor-column elementor-col-100 elementor-top-column elementor-element elementor-element-7bfb7901\" data-id=\"7bfb7901\" data-element_type=\"column\" data-e-type=\"column\">\n\t\t\t<div class=\"elementor-widget-wrap elementor-element-populated\">\n\t\t\t\t\t\t<div class=\"elementor-element elementor-element-7e01af07 elementor-widget elementor-widget-text-editor\" data-id=\"7e01af07\" data-element_type=\"widget\" data-e-type=\"widget\" data-widget_type=\"text-editor.default\">\n\t\t\t\t<div class=\"elementor-widget-container\">\n\t\t\t\t\t\t\t\t\t<figure class=\"wp-block-image size-large\"><img fetchpriority=\"high\" decoding=\"async\" width=\"1024\" height=\"768\" class=\"wp-image-974\" src=\"https:\/\/leppla-coaching.at\/wp-content\/uploads\/2021\/02\/KL-5-by-Ira-Kaltenegger-1024x768.jpg\" alt=\"\" srcset=\"https:\/\/leppla-coaching.at\/wp-content\/uploads\/2021\/02\/KL-5-by-Ira-Kaltenegger-1024x768.jpg 1024w, https:\/\/leppla-coaching.at\/wp-content\/uploads\/2021\/02\/KL-5-by-Ira-Kaltenegger-300x225.jpg 300w, https:\/\/leppla-coaching.at\/wp-content\/uploads\/2021\/02\/KL-5-by-Ira-Kaltenegger-768x576.jpg 768w, https:\/\/leppla-coaching.at\/wp-content\/uploads\/2021\/02\/KL-5-by-Ira-Kaltenegger-1536x1152.jpg 1536w, https:\/\/leppla-coaching.at\/wp-content\/uploads\/2021\/02\/KL-5-by-Ira-Kaltenegger-2048x1536.jpg 2048w, https:\/\/leppla-coaching.at\/wp-content\/uploads\/2021\/02\/KL-5-by-Ira-Kaltenegger-16x12.jpg 16w\" sizes=\"(max-width: 1024px) 100vw, 1024px\" \/>\n<p>\u00a0<\/p>\n<figcaption>Kathrin Leppla by Ira Kaltenegger<\/figcaption>\n<\/figure>\n<p><!-- \/wp:image --><!-- wp:paragraph --><\/p>\n<p>\u00a0<\/p>\n<h2>Beraterin und Coach aus Leidenschaft.<\/h2>\n<p><!-- \/wp:paragraph --><!-- wp:paragraph --><\/p>\n<p><!-- \/wp:paragraph --><!-- wp:heading {\"level\":4} --><\/p>\n<h4>\u00a0<\/h4>\n<h4>Wie ich arbeite und was mich ausmacht&#8230;<\/h4>\n<p><!-- \/wp:heading --><!-- wp:paragraph --><\/p>\n<p>Perspektivenwechsel. Kongruenz und Koh\u00e4renz. Wahrhaftigkeit. Ressourcenfokus. Arbeiten mit dem, was schon da ist. Humor. Leichtigkeit. Das sind Aspekte meiner Arbeit, mit denen ich sehr verwoben bin. Dabei leidenschaftlich, multidimensional, allparteilich und liebevoll provokant, neurowissenschaftlich fundiert und mit viel Humor &#8211; so arbeite ich.\u00a0<br \/>Ich liebe es, auf mehreren Leveln gleichzeitig zu agieren &#8211; Deinen K\u00f6rper mit einzubeziehen (z.B. die Art, wie Du sitzt, oder Deine Wahrnehmung, wie sich etwas im K\u00f6rper ansp\u00fcrt), und dabei kognitiv, also mit Worten und Gedanken an gew\u00fcnschtem Verhalten zu feilen.\u00a0<\/p>\n<p><!-- \/wp:paragraph --><!-- wp:paragraph --><\/p>\n<p>Ich stelle viele Fragen. Fragen sind f\u00fcr mich Tore zu neuen (Gedanken-) Welten. Sie erlauben uns, Wege zu gehen, denen wir bisher kaum gefolgt sind. Uns selbst zu \u00fcberraschen. Was ist sch\u00f6ner als ein Gedanke, den man noch nie gedacht? Als eine M\u00f6glichkeit, die bisher verborgen? Darin liegt f\u00fcr mich Freiheit, und darin liegt auch Integrit\u00e4t &#8211; zwei meiner wichtigsten Grundwerte, die mich bereits mein ganzes Leben begleiten.\u00a0<\/p>\n<p>\u00a0<\/p>\n<p><!-- \/wp:paragraph --><!-- wp:paragraph --><\/p>\n<p><!-- \/wp:paragraph --><!-- wp:heading {\"level\":4} --><\/p>\n<h4>\u00a0<\/h4>\n<h4>Zu welchen Themen und Aspekten?<\/h4>\n<p>\u00a0<\/p>\n<p><!-- \/wp:heading --><!-- wp:paragraph --><\/p>\n<ul>\n<li>Leadership, Selbstverantwortung und Transformation. Dazu geh\u00f6rt auch Resilienz.<\/li>\n<\/ul>\n<p><!-- \/wp:paragraph --><!-- wp:paragraph --><\/p>\n<ul>\n<li>Der Sprung auf die n\u00e4chste Ebene (Board-Level und Board-1).<\/li>\n<\/ul>\n<p><!-- \/wp:paragraph --><!-- wp:paragraph --><\/p>\n<ul>\n<li>Konflikte, Krisen. \u00a0<!-- \/wp:paragraph --><!-- wp:paragraph --><\/li>\n<\/ul>\n<p>\u00a0<\/p>\n<ul>\n<li>Unser Auftritt und Auftreten, blind spots, nicht verbale messages, die wir \u00fcbermitteln &#8211; bewusst oder unbewusst.<\/li>\n<\/ul>\n<p>\u00a0<\/p>\n<ul>\n<li>Zum Umgang mit Emotionen.\u00a0<\/li>\n<\/ul>\n<p><!-- \/wp:paragraph --><!-- wp:paragraph --><\/p>\n<p><!-- \/wp:paragraph --><!-- wp:heading {\"level\":4} --><\/p>\n<h4>\u00a0<\/h4>\n<h4>Mit was und auf welcher Basis?<\/h4>\n<p><!-- \/wp:heading --><!-- wp:paragraph --><\/p>\n<p>Die Kraft von Selbstverantwortung und bewusstem Fokus sind f\u00fcr mich zwei der Kernaspekte, die ich mit unterschiedlichen Methoden auf allen Ebenen einbringe.<\/p>\n<p><!-- \/wp:paragraph --><!-- wp:paragraph --><\/p>\n<p>Mein Hintergrund verbindet Systemisches Coaching mit Embodiment, Hypnosystemische Ans\u00e4tze und Generative Trancen mit Aufstellungsarbeit nach SySt, Synergie-Coaching mit Leadership. Eine wesentliche Grundlage f\u00fcr meine Arbeit mit diversen Methoden und Schulen sind neurowissenschaftliche Erkenntnisse &#8211; wenn wir nicht verstehen, wie unser Gehirn und damit unser K\u00f6rper funktioniert, dann k\u00f6nnen wir auch herausragende Erkenntnisse nicht nachhaltig in unser Leben integrieren.\u00a0<\/p>\n<p>\u00a0<\/p>\n<p><!-- \/wp:paragraph --><!-- wp:paragraph --><\/p>\n<p><!-- \/wp:paragraph --><!-- wp:heading {\"level\":4} --><\/p>\n<h4>F\u00fcr wen?<\/h4>\n<p><!-- \/wp:heading --><!-- wp:paragraph --><\/p>\n<p>Ich arbeite f\u00fcr und mit Menschen, innerhalb und au\u00dferhalb von Organisationen.<\/p>\n<p><!-- \/wp:paragraph --><!-- wp:paragraph --><\/p>\n<p>F\u00fcr F\u00fchrungskr\u00e4fte, oder Menschen, die sich damit besch\u00e4ftigen, sich selbst gut zu &#8222;f\u00fchren&#8220;. F\u00fcr Unternehmer*Innen.<\/p>\n<p><!-- \/wp:paragraph --><!-- wp:paragraph --><\/p>\n<p>F\u00fcr high potentials, die am Sprung auf die Board-Ebene sind.<\/p>\n<p><!-- \/wp:paragraph --><!-- wp:paragraph --><\/p>\n<p>F\u00fcr alle, die etwas \u00e4ndern wollen, und den Prozess rapide beschleunigen m\u00f6chten.<\/p>\n<p><!-- \/wp:paragraph --><!-- wp:paragraph --><\/p>\n<p>F\u00fcr alle, die gerne gut aufgehoben sind &#8211; und gleichzeitig zu sch\u00e4tzen wissen, dass ich keine Angst vor sachlichen und thematischen Diskussionen habe. Ich spreche vieles an, was im nicht-professionellen Bereich manchmal nicht leicht zu h\u00f6ren ist. Warum ich das mache? F\u00fcr meine Kund*Innen liegt h\u00e4ufig genau darin der Mehrwert &#8211; eine Au\u00dfensicht zu bekommen, ungefiltert, nicht bewertend, und genau auf den Punkt.<\/p>\n<p><!-- \/wp:paragraph --><!-- wp:paragraph --><\/p>\n<p>F\u00fcr Menschen, die gesund und zugleich sehr belastet sind. Viel eigene und berufliche Erfahrung mit Abschied, Verlust, Aufbruch, Neuanfang machen mich zu einer Expertin f\u00fcr Transformationsprozesse. Emotionen, Gef\u00fchle, F\u00fchlen sind bei mir gut aufgehoben &#8211; eine grunds\u00e4tzlich tief hoffnungsvolle und optimistische Haltung unterst\u00fctzt dabei, immer wieder in die eigene Kraft zu kommen.<\/p>\n<p>\u00a0<\/p>\n<p><!-- \/wp:paragraph --><!-- wp:paragraph --><\/p>\n<p><!-- \/wp:paragraph --><!-- wp:paragraph --><\/p>\n<p><!-- \/wp:paragraph --><!-- wp:heading {\"level\":4} --><\/p>\n<h4>Hard Facts<\/h4>\n<p><!-- \/wp:heading --><!-- wp:paragraph --><\/p>\n<p>Seit 2015 selbst\u00e4ndige Unternehmerin mit Sitz und Lebensmittelpunkt in Wien. Sehr mobil und europaweit sowie weltweit unterwegs. Zur Zeit arbeite ich mit Kunden in Europa, Asien und Nordamerika sowie im Mittleren Osten und Afrika.<\/p>\n<p>Erfahrung mit Teamf\u00fchrung und HR Inhalten auf allen Kontinenten (ehemals Teams in Manila (PH), Bangalore (IN), Cairo (EG), Bratislava (SK), D\u00fcsseldorf (DE), Mexico City (MX)).\u00a0<\/p>\n<p><!-- \/wp:paragraph --><!-- wp:paragraph --><\/p>\n<p>\u00a0<\/p>\n<p><strong>Auf der Qualit\u00e4tsliste von und im Vorstand von SyStconnect &#8211; Vereinigung der systemischen StrukturaufstellerInnen.<\/strong><\/p>\n<p><!-- \/wp:paragraph --><!-- wp:paragraph --><\/p>\n<p><strong>Zertifiziert als Senior Coach (DBVC) &#8211; Deutscher Bundesverband Coaching<\/strong><\/p>\n<p><!-- \/wp:paragraph --><!-- wp:paragraph --><\/p>\n<p><!-- \/wp:paragraph --><!-- wp:heading {\"level\":4} --><\/p>\n<h4>\u00a0<\/h4>\n<h4>Coaching-Ausbildungen &amp; Qualifikationen (Auswahl):<\/h4>\n<p><!-- \/wp:heading --><!-- wp:paragraph --><\/p>\n<p>E.S.B.A. Wien \u00a0(Coaching Intensiv + Coaching Professional-Lehrgang)\u00a0<\/p>\n<p><!-- \/wp:paragraph --><!-- wp:paragraph --><\/p>\n<p>SySt &#8211; Institut M\u00fcnchen, Prof. Dr. Matthias Varga von Kib\u00e9d &amp; Insa Sparrer (Business Training uvm.)<\/p>\n<p>Dr. Jeffrey K. Zeig (Master Class Coaching)<\/p>\n<p><!-- \/wp:paragraph --><!-- wp:paragraph --><\/p>\n<p>Dr. Gunther Schmidt (Hypnosystemische Konzepte)<\/p>\n<p><!-- \/wp:paragraph --><!-- wp:paragraph --><\/p>\n<p>Dr. Stephen Gilligan (Systemische Trance)<\/p>\n<p><!-- \/wp:paragraph --><!-- wp:paragraph --><\/p>\n<p>Dr. Hans Hein (Erweiterte Intuition, Synchronizit\u00e4t und Meme)<\/p>\n<p><!-- \/wp:paragraph --><!-- wp:paragraph --><\/p>\n<p>IBI International Bateson Institute, Nora Bateson (Warm Data Lab)<\/p>\n<p>Universit\u00e4t f\u00fcr Weiterbildung, Krems (Universit\u00e4tslehrgang Psychosoziale Beratung)<\/p>\n<p>Milton-Erickson-Akademie, Wien (Supervisionslehrgang)<\/p>\n<p><!-- \/wp:paragraph --><!-- wp:paragraph --><!-- \/wp:paragraph --><!-- wp:paragraph --><!-- \/wp:paragraph --><!-- wp:heading {\"level\":4} --><\/p>\n<p><!-- \/wp:paragraph --><\/p>\t\t\t\t\t\t\t\t<\/div>\n\t\t\t\t<\/div>\n\t\t\t\t\t<\/div>\n\t\t<\/div>\n\t\t\t\t\t<\/div>\n\t\t<\/section>\n\t\t\t\t<section class=\"elementor-section elementor-top-section elementor-element elementor-element-2fef0a5 elementor-section-boxed elementor-section-height-default elementor-section-height-default\" data-id=\"2fef0a5\" data-element_type=\"section\" data-e-type=\"section\">\n\t\t\t\t\t\t<div class=\"elementor-container elementor-column-gap-default\">\n\t\t\t\t\t<div class=\"elementor-column elementor-col-100 elementor-top-column elementor-element elementor-element-ad8081c\" data-id=\"ad8081c\" data-element_type=\"column\" data-e-type=\"column\">\n\t\t\t<div class=\"elementor-widget-wrap elementor-element-populated\">\n\t\t\t\t\t\t<div class=\"elementor-element elementor-element-e6b942d elementor-widget elementor-widget-spacer\" data-id=\"e6b942d\" data-element_type=\"widget\" data-e-type=\"widget\" data-widget_type=\"spacer.default\">\n\t\t\t\t<div class=\"elementor-widget-container\">\n\t\t\t\t\t\t\t<div class=\"elementor-spacer\">\n\t\t\t<div class=\"elementor-spacer-inner\"><\/div>\n\t\t<\/div>\n\t\t\t\t\t\t<\/div>\n\t\t\t\t<\/div>\n\t\t\t\t\t<\/div>\n\t\t<\/div>\n\t\t\t\t\t<\/div>\n\t\t<\/section>\n\t\t\t\t<section class=\"elementor-section elementor-top-section elementor-element elementor-element-596e28c elementor-section-boxed elementor-section-height-default elementor-section-height-default\" data-id=\"596e28c\" data-element_type=\"section\" data-e-type=\"section\">\n\t\t\t\t\t\t<div class=\"elementor-container elementor-column-gap-default\">\n\t\t\t\t\t<div class=\"elementor-column elementor-col-100 elementor-top-column elementor-element elementor-element-28ad59b\" data-id=\"28ad59b\" data-element_type=\"column\" data-e-type=\"column\">\n\t\t\t<div class=\"elementor-widget-wrap elementor-element-populated\">\n\t\t\t\t\t\t<div class=\"elementor-element elementor-element-4f32b09 elementor-widget elementor-widget-heading\" data-id=\"4f32b09\" data-element_type=\"widget\" data-e-type=\"widget\" data-widget_type=\"heading.default\">\n\t\t\t\t<div class=\"elementor-widget-container\">\n\t\t\t\t\t<h2 class=\"elementor-heading-title elementor-size-default\">Und ganz pers\u00f6nlich...<\/h2>\t\t\t\t<\/div>\n\t\t\t\t<\/div>\n\t\t\t\t\t<\/div>\n\t\t<\/div>\n\t\t\t\t\t<\/div>\n\t\t<\/section>\n\t\t\t\t<section class=\"elementor-section elementor-top-section elementor-element elementor-element-b3ec66e elementor-section-boxed elementor-section-height-default elementor-section-height-default\" data-id=\"b3ec66e\" data-element_type=\"section\" data-e-type=\"section\">\n\t\t\t\t\t\t<div class=\"elementor-container elementor-column-gap-default\">\n\t\t\t\t\t<div class=\"elementor-column elementor-col-100 elementor-top-column elementor-element elementor-element-35157f9\" data-id=\"35157f9\" data-element_type=\"column\" data-e-type=\"column\">\n\t\t\t<div class=\"elementor-widget-wrap elementor-element-populated\">\n\t\t\t\t\t\t<div class=\"elementor-element elementor-element-a52e72d elementor-widget elementor-widget-text-editor\" data-id=\"a52e72d\" data-element_type=\"widget\" data-e-type=\"widget\" data-widget_type=\"text-editor.default\">\n\t\t\t\t<div class=\"elementor-widget-container\">\n\t\t\t\t\t\t\t\t\t<p>Jahrgang 1977.\u00a0In den ersten 20 Lebensjahren schon 7 mal \u00fcbersiedelt. Teilweise innerhalb meiner Geburtstadt Mainz, dann aufs Land, in das Heimatdorf meines Vaters. Aus dem \u201cStadt-Hochdeutschen\u201d in den pf\u00e4lzischen Dialekt. Am ersten Schultag in der neuen Klasse habe ich kein Wort verstanden.\u00a0<\/p>\n<p>Das pr\u00e4gt \u2013 zum einen, wenn man sich immer wieder auf neue Menschen einstellen lernen muss, zum anderen, wenn man mit unterschiedlichen Mentalit\u00e4ten zusammengebracht wird, ohne selbst Einfluss darauf nehmen zu k\u00f6nnen.\u00a0Das ist viel Ver\u00e4nderung, und sie war von Anfang an Teil meines Lebens.\u00a0<\/p>\n<h5>\u00a0<\/h5>\n<h5>Was ist daraus entstanden?\u00a0<\/h5>\n<p>Vor allem Interesse. Interesse an anderen Sichtweisen. Interessen an Unterschieden. Interesse an Menschen.\u00a0<\/p>\n<p>Au\u00dferdem Offenheit. Keine gedanklichen Limits, au\u00dfer denen, die wir uns selbst setzen wollen, weil sie n\u00fctzlich sind. Ein Eindruck von gro\u00dfen M\u00f6glichkeiten, von vielf\u00e4ltigen Wegen, von Hoffnung und Perspektive.<\/p>\n<p>\u00a0<\/p>\n<h5>Und Respekt:<\/h5>\n<p>Dass nicht immer nur ein Weg der \u201cRichtige\u201d sein muss. Sondern es unterschiedliche M\u00f6glichkeiten gibt, an wirklich alles heranzugehen.<\/p>\n<p>Dass \u2013 auch wenn man anscheinend die gleiche Sprache spricht \u2013 es spannend ist zu begreifen, was vielleicht ein anderer damit meint.<\/p>\n<p>Dass es immer Ver\u00e4nderung gibt, und dass sie f\u00fcr Menschen, die nicht von klein an daran gew\u00f6hnt wurden, eine sehr gro\u00dfe Herausforderung bedeuten kann.<\/p>\n<p>Und \u2013 keine Angst zu haben. Vor dem Neuen. Vor der Ver\u00e4nderung. Vor den Menschen. Vor anderen Sichtweisen.\u00a0<\/p>\t\t\t\t\t\t\t\t<\/div>\n\t\t\t\t<\/div>\n\t\t\t\t\t<\/div>\n\t\t<\/div>\n\t\t\t\t\t<\/div>\n\t\t<\/section>\n\t\t\t\t<\/div>","protected":false},"excerpt":{"rendered":"<p>\u00a0Kathrin Leppla by Ira Kaltenegger \u00a0 Beraterin und Coach aus Leidenschaft. \u00a0 Wie ich arbeite und was mich ausmacht&#8230; Perspektivenwechsel. Kongruenz und Koh\u00e4renz. Wahrhaftigkeit. Ressourcenfokus. Arbeiten mit dem, was schon da ist. Humor. Leichtigkeit. Das sind Aspekte meiner Arbeit, mit denen ich sehr verwoben bin. Dabei leidenschaftlich, multidimensional, allparteilich und liebevoll provokant, neurowissenschaftlich fundiert und [&hellip;]<\/p>\n","protected":false},"author":1,"featured_media":0,"parent":0,"menu_order":0,"comment_status":"closed","ping_status":"closed","template":"","meta":{"footnotes":""},"class_list":["post-53","page","type-page","status-publish","hentry"],"yoast_head":"<!-- This site is optimized with the Yoast SEO plugin v27.3 - https:\/\/yoast.com\/product\/yoast-seo-wordpress\/ -->\n<title>\u00dcber Kathrin - Leppla Consulting Coaching e.U.<\/title>\n<meta name=\"description\" content=\"About Kathrin. Hard facts + personal history. Who she is, what she does.\" \/>\n<meta name=\"robots\" content=\"index, follow, max-snippet:-1, max-image-preview:large, max-video-preview:-1\" \/>\n<link rel=\"canonical\" href=\"https:\/\/leppla-coaching.at\/en\/ueber-kathrin\/\" \/>\n<meta property=\"og:locale\" content=\"en_US\" \/>\n<meta property=\"og:type\" content=\"article\" \/>\n<meta property=\"og:title\" content=\"\u00dcber Kathrin - Leppla Consulting Coaching e.U.\" \/>\n<meta property=\"og:description\" content=\"About Kathrin. Hard facts + personal history. Who she is, what she does.\" \/>\n<meta property=\"og:url\" content=\"https:\/\/leppla-coaching.at\/en\/ueber-kathrin\/\" \/>\n<meta property=\"og:site_name\" content=\"Leppla Consulting Coaching e.U.\" \/>\n<meta property=\"article:publisher\" content=\"https:\/\/www.facebook.com\/leppla.consulting\" \/>\n<meta property=\"article:modified_time\" content=\"2025-03-12T17:10:16+00:00\" \/>\n<meta property=\"og:image\" content=\"https:\/\/leppla-coaching.at\/wp-content\/uploads\/2021\/02\/KL-5-by-Ira-Kaltenegger-scaled.jpg\" \/>\n\t<meta property=\"og:image:width\" content=\"2560\" \/>\n\t<meta property=\"og:image:height\" content=\"1920\" \/>\n\t<meta property=\"og:image:type\" content=\"image\/jpeg\" \/>\n<meta name=\"twitter:card\" content=\"summary_large_image\" \/>\n<meta name=\"twitter:site\" content=\"@kathrinleppla\" \/>\n<meta name=\"twitter:label1\" content=\"Est. reading time\" \/>\n\t<meta name=\"twitter:data1\" content=\"5 minutes\" \/>\n<script type=\"application\/ld+json\" class=\"yoast-schema-graph\">{\"@context\":\"https:\\\/\\\/schema.org\",\"@graph\":[{\"@type\":\"WebPage\",\"@id\":\"https:\\\/\\\/leppla-coaching.at\\\/ueber-kathrin\\\/\",\"url\":\"https:\\\/\\\/leppla-coaching.at\\\/ueber-kathrin\\\/\",\"name\":\"\u00dcber Kathrin - Leppla Consulting Coaching e.U.\",\"isPartOf\":{\"@id\":\"https:\\\/\\\/leppla-coaching.at\\\/#website\"},\"primaryImageOfPage\":{\"@id\":\"https:\\\/\\\/leppla-coaching.at\\\/ueber-kathrin\\\/#primaryimage\"},\"image\":{\"@id\":\"https:\\\/\\\/leppla-coaching.at\\\/ueber-kathrin\\\/#primaryimage\"},\"thumbnailUrl\":\"https:\\\/\\\/leppla-coaching.at\\\/wp-content\\\/uploads\\\/2021\\\/02\\\/KL-5-by-Ira-Kaltenegger-1024x768.jpg\",\"datePublished\":\"2021-02-01T10:06:25+00:00\",\"dateModified\":\"2025-03-12T17:10:16+00:00\",\"description\":\"About Kathrin. Hard facts + personal history. Who she is, what she does.\",\"breadcrumb\":{\"@id\":\"https:\\\/\\\/leppla-coaching.at\\\/ueber-kathrin\\\/#breadcrumb\"},\"inLanguage\":\"en-US\",\"potentialAction\":[{\"@type\":\"ReadAction\",\"target\":[\"https:\\\/\\\/leppla-coaching.at\\\/ueber-kathrin\\\/\"]}]},{\"@type\":\"ImageObject\",\"inLanguage\":\"en-US\",\"@id\":\"https:\\\/\\\/leppla-coaching.at\\\/ueber-kathrin\\\/#primaryimage\",\"url\":\"https:\\\/\\\/leppla-coaching.at\\\/wp-content\\\/uploads\\\/2021\\\/02\\\/KL-5-by-Ira-Kaltenegger-1024x768.jpg\",\"contentUrl\":\"https:\\\/\\\/leppla-coaching.at\\\/wp-content\\\/uploads\\\/2021\\\/02\\\/KL-5-by-Ira-Kaltenegger-1024x768.jpg\"},{\"@type\":\"BreadcrumbList\",\"@id\":\"https:\\\/\\\/leppla-coaching.at\\\/ueber-kathrin\\\/#breadcrumb\",\"itemListElement\":[{\"@type\":\"ListItem\",\"position\":1,\"name\":\"Home\",\"item\":\"https:\\\/\\\/leppla-coaching.at\\\/\"},{\"@type\":\"ListItem\",\"position\":2,\"name\":\"\u00dcber Kathrin\"}]},{\"@type\":\"WebSite\",\"@id\":\"https:\\\/\\\/leppla-coaching.at\\\/#website\",\"url\":\"https:\\\/\\\/leppla-coaching.at\\\/\",\"name\":\"Leppla Consulting Coaching e.U.\",\"description\":\"\",\"publisher\":{\"@id\":\"https:\\\/\\\/leppla-coaching.at\\\/#organization\"},\"potentialAction\":[{\"@type\":\"SearchAction\",\"target\":{\"@type\":\"EntryPoint\",\"urlTemplate\":\"https:\\\/\\\/leppla-coaching.at\\\/?s={search_term_string}\"},\"query-input\":{\"@type\":\"PropertyValueSpecification\",\"valueRequired\":true,\"valueName\":\"search_term_string\"}}],\"inLanguage\":\"en-US\"},{\"@type\":\"Organization\",\"@id\":\"https:\\\/\\\/leppla-coaching.at\\\/#organization\",\"name\":\"Leppla Consulting\",\"url\":\"https:\\\/\\\/leppla-coaching.at\\\/\",\"logo\":{\"@type\":\"ImageObject\",\"inLanguage\":\"en-US\",\"@id\":\"https:\\\/\\\/leppla-coaching.at\\\/#\\\/schema\\\/logo\\\/image\\\/\",\"url\":\"https:\\\/\\\/leppla-coaching.at\\\/wp-content\\\/uploads\\\/2023\\\/09\\\/LeCo_Coaching_Logo-12.png\",\"contentUrl\":\"https:\\\/\\\/leppla-coaching.at\\\/wp-content\\\/uploads\\\/2023\\\/09\\\/LeCo_Coaching_Logo-12.png\",\"width\":6993,\"height\":2793,\"caption\":\"Leppla Consulting\"},\"image\":{\"@id\":\"https:\\\/\\\/leppla-coaching.at\\\/#\\\/schema\\\/logo\\\/image\\\/\"},\"sameAs\":[\"https:\\\/\\\/www.facebook.com\\\/leppla.consulting\",\"https:\\\/\\\/x.com\\\/kathrinleppla\",\"https:\\\/\\\/www.instagram.com\\\/werteagentur\\\/\"]}]}<\/script>\n<!-- \/ Yoast SEO plugin. -->","yoast_head_json":{"title":"\u00dcber Kathrin - Leppla Consulting Coaching e.U.","description":"About Kathrin. Hard facts + personal history. Who she is, what she does.","robots":{"index":"index","follow":"follow","max-snippet":"max-snippet:-1","max-image-preview":"max-image-preview:large","max-video-preview":"max-video-preview:-1"},"canonical":"https:\/\/leppla-coaching.at\/en\/ueber-kathrin\/","og_locale":"en_US","og_type":"article","og_title":"\u00dcber Kathrin - Leppla Consulting Coaching e.U.","og_description":"About Kathrin. Hard facts + personal history. Who she is, what she does.","og_url":"https:\/\/leppla-coaching.at\/en\/ueber-kathrin\/","og_site_name":"Leppla Consulting Coaching e.U.","article_publisher":"https:\/\/www.facebook.com\/leppla.consulting","article_modified_time":"2025-03-12T17:10:16+00:00","og_image":[{"width":2560,"height":1920,"url":"https:\/\/leppla-coaching.at\/wp-content\/uploads\/2021\/02\/KL-5-by-Ira-Kaltenegger-scaled.jpg","type":"image\/jpeg"}],"twitter_card":"summary_large_image","twitter_site":"@kathrinleppla","twitter_misc":{"Est. reading time":"5 minutes"},"schema":{"@context":"https:\/\/schema.org","@graph":[{"@type":"WebPage","@id":"https:\/\/leppla-coaching.at\/ueber-kathrin\/","url":"https:\/\/leppla-coaching.at\/ueber-kathrin\/","name":"\u00dcber Kathrin - Leppla Consulting Coaching e.U.","isPartOf":{"@id":"https:\/\/leppla-coaching.at\/#website"},"primaryImageOfPage":{"@id":"https:\/\/leppla-coaching.at\/ueber-kathrin\/#primaryimage"},"image":{"@id":"https:\/\/leppla-coaching.at\/ueber-kathrin\/#primaryimage"},"thumbnailUrl":"https:\/\/leppla-coaching.at\/wp-content\/uploads\/2021\/02\/KL-5-by-Ira-Kaltenegger-1024x768.jpg","datePublished":"2021-02-01T10:06:25+00:00","dateModified":"2025-03-12T17:10:16+00:00","description":"About Kathrin. Hard facts + personal history. Who she is, what she does.","breadcrumb":{"@id":"https:\/\/leppla-coaching.at\/ueber-kathrin\/#breadcrumb"},"inLanguage":"en-US","potentialAction":[{"@type":"ReadAction","target":["https:\/\/leppla-coaching.at\/ueber-kathrin\/"]}]},{"@type":"ImageObject","inLanguage":"en-US","@id":"https:\/\/leppla-coaching.at\/ueber-kathrin\/#primaryimage","url":"https:\/\/leppla-coaching.at\/wp-content\/uploads\/2021\/02\/KL-5-by-Ira-Kaltenegger-1024x768.jpg","contentUrl":"https:\/\/leppla-coaching.at\/wp-content\/uploads\/2021\/02\/KL-5-by-Ira-Kaltenegger-1024x768.jpg"},{"@type":"BreadcrumbList","@id":"https:\/\/leppla-coaching.at\/ueber-kathrin\/#breadcrumb","itemListElement":[{"@type":"ListItem","position":1,"name":"Home","item":"https:\/\/leppla-coaching.at\/"},{"@type":"ListItem","position":2,"name":"\u00dcber Kathrin"}]},{"@type":"WebSite","@id":"https:\/\/leppla-coaching.at\/#website","url":"https:\/\/leppla-coaching.at\/","name":"Leppla Consulting Coaching e.U.","description":"","publisher":{"@id":"https:\/\/leppla-coaching.at\/#organization"},"potentialAction":[{"@type":"SearchAction","target":{"@type":"EntryPoint","urlTemplate":"https:\/\/leppla-coaching.at\/?s={search_term_string}"},"query-input":{"@type":"PropertyValueSpecification","valueRequired":true,"valueName":"search_term_string"}}],"inLanguage":"en-US"},{"@type":"Organization","@id":"https:\/\/leppla-coaching.at\/#organization","name":"Leppla Consulting","url":"https:\/\/leppla-coaching.at\/","logo":{"@type":"ImageObject","inLanguage":"en-US","@id":"https:\/\/leppla-coaching.at\/#\/schema\/logo\/image\/","url":"https:\/\/leppla-coaching.at\/wp-content\/uploads\/2023\/09\/LeCo_Coaching_Logo-12.png","contentUrl":"https:\/\/leppla-coaching.at\/wp-content\/uploads\/2023\/09\/LeCo_Coaching_Logo-12.png","width":6993,"height":2793,"caption":"Leppla Consulting"},"image":{"@id":"https:\/\/leppla-coaching.at\/#\/schema\/logo\/image\/"},"sameAs":["https:\/\/www.facebook.com\/leppla.consulting","https:\/\/x.com\/kathrinleppla","https:\/\/www.instagram.com\/werteagentur\/"]}]}},"_links":{"self":[{"href":"https:\/\/leppla-coaching.at\/en\/wp-json\/wp\/v2\/pages\/53","targetHints":{"allow":["GET"]}}],"collection":[{"href":"https:\/\/leppla-coaching.at\/en\/wp-json\/wp\/v2\/pages"}],"about":[{"href":"https:\/\/leppla-coaching.at\/en\/wp-json\/wp\/v2\/types\/page"}],"author":[{"embeddable":true,"href":"https:\/\/leppla-coaching.at\/en\/wp-json\/wp\/v2\/users\/1"}],"replies":[{"embeddable":true,"href":"https:\/\/leppla-coaching.at\/en\/wp-json\/wp\/v2\/comments?post=53"}],"version-history":[{"count":45,"href":"https:\/\/leppla-coaching.at\/en\/wp-json\/wp\/v2\/pages\/53\/revisions"}],"predecessor-version":[{"id":9204,"href":"https:\/\/leppla-coaching.at\/en\/wp-json\/wp\/v2\/pages\/53\/revisions\/9204"}],"wp:attachment":[{"href":"https:\/\/leppla-coaching.at\/en\/wp-json\/wp\/v2\/media?parent=53"}],"curies":[{"name":"wp","href":"https:\/\/api.w.org\/{rel}","templated":true}]}}